{"id":100,"date":"2023-12-29T22:14:21","date_gmt":"2023-12-29T22:14:21","guid":{"rendered":"https:\/\/jimmysoelberg.dk\/?page_id=100"},"modified":"2023-12-30T16:04:01","modified_gmt":"2023-12-30T16:04:01","slug":"stjerneholdet","status":"publish","type":"page","link":"https:\/\/jimmysoelberg.dk\/index.php\/stjerneholdet\/","title":{"rendered":"Stjerneholdet FC77"},"content":{"rendered":"<nav class=\"is-responsive wp-block-navigation is-layout-flex wp-block-navigation-is-layout-flex\" aria-label=\"Navigation\" \n\t\t data-wp-interactive=\"core\/navigation\" data-wp-context='{\"overlayOpenedBy\":{\"click\":false,\"hover\":false,\"focus\":false},\"type\":\"overlay\",\"roleAttribute\":\"\",\"ariaLabel\":\"Menu\"}'><button aria-haspopup=\"dialog\" aria-label=\"\u00c5bn menu\" class=\"wp-block-navigation__responsive-container-open\" \n\t\t\t\tdata-wp-on--click=\"actions.openMenuOnClick\"\n\t\t\t\tdata-wp-on--keydown=\"actions.handleMenuKeydown\"\n\t\t\t><svg width=\"24\" height=\"24\" xmlns=\"http:\/\/www.w3.org\/2000\/svg\" viewBox=\"0 0 24 24\" aria-hidden=\"true\" focusable=\"false\"><path d=\"M4 7.5h16v1.5H4z\"><\/path><path d=\"M4 15h16v1.5H4z\"><\/path><\/svg><\/button>\n\t\t\t\t<div class=\"wp-block-navigation__responsive-container\"  id=\"modal-1\" \n\t\t\t\tdata-wp-class--has-modal-open=\"state.isMenuOpen\"\n\t\t\t\tdata-wp-class--is-menu-open=\"state.isMenuOpen\"\n\t\t\t\tdata-wp-watch=\"callbacks.initMenu\"\n\t\t\t\tdata-wp-on--keydown=\"actions.handleMenuKeydown\"\n\t\t\t\tdata-wp-on--focusout=\"actions.handleMenuFocusout\"\n\t\t\t\ttabindex=\"-1\"\n\t\t\t>\n\t\t\t\t\t<div class=\"wp-block-navigation__responsive-close\" tabindex=\"-1\">\n\t\t\t\t\t\t<div class=\"wp-block-navigation__responsive-dialog\" \n\t\t\t\tdata-wp-bind--aria-modal=\"state.ariaModal\"\n\t\t\t\tdata-wp-bind--aria-label=\"state.ariaLabel\"\n\t\t\t\tdata-wp-bind--role=\"state.roleAttribute\"\n\t\t\t>\n\t\t\t\t\t\t\t<button aria-label=\"Luk menu\" class=\"wp-block-navigation__responsive-container-close\" \n\t\t\t\tdata-wp-on--click=\"actions.closeMenuOnClick\"\n\t\t\t><svg xmlns=\"http:\/\/www.w3.org\/2000\/svg\" viewBox=\"0 0 24 24\" width=\"24\" height=\"24\" aria-hidden=\"true\" focusable=\"false\"><path d=\"m13.06 12 6.47-6.47-1.06-1.06L12 10.94 5.53 4.47 4.47 5.53 10.94 12l-6.47 6.47 1.06 1.06L12 13.06l6.47 6.47 1.06-1.06L13.06 12Z\"><\/path><\/svg><\/button>\n\t\t\t\t\t\t\t<div class=\"wp-block-navigation__responsive-container-content\" \n\t\t\t\tdata-wp-watch=\"callbacks.focusFirstElement\"\n\t\t\t id=\"modal-1-content\">\n\t\t\t\t\t\t\t\t<ul class=\"wp-block-navigation__container is-responsive wp-block-navigation\"><li class=\" wp-block-navigation-item wp-block-navigation-link\"><a class=\"wp-block-navigation-item__content\"  href=\"https:\/\/jimmysoelberg.dk\/index.php\/spillere\/\"><span class=\"wp-block-navigation-item__label\">Stjernespillere<\/span><\/a><\/li><li class=\" wp-block-navigation-item wp-block-navigation-link\"><a class=\"wp-block-navigation-item__content\"  href=\"https:\/\/jimmysoelberg.dk\/?page_id=108\"><span class=\"wp-block-navigation-item__label\">Holdfotos<\/span><\/a><\/li><li class=\" wp-block-navigation-item wp-block-navigation-link\"><a class=\"wp-block-navigation-item__content\"  href=\"https:\/\/jimmysoelberg.dk\/?page_id=178\"><span class=\"wp-block-navigation-item__label\">Spillerstatistik<\/span><\/a><\/li><\/ul>\n\t\t\t\t\t\t\t<\/div>\n\t\t\t\t\t\t<\/div>\n\t\t\t\t\t<\/div>\n\t\t\t\t<\/div><\/nav>\n\n\n<figure class=\"wp-block-pullquote\"><blockquote><p><strong>ONE TEAM &#8211; ONE DREAM &#8211; ONE GOAL\u00a0<\/strong><br><strong>To win without risk is to triumph without glory!<\/strong><br><strong>KUN DE &#8220;SOCIALE&#8221; ER GODE NOK !!!<\/strong><br><strong>&#8220;People don&#8217;t quit playing because they grow old. They grow old because they quit playing.&#8221;<\/strong><br><br><em><strong>Facts om Stjerneholdets Maskot<\/strong><\/em><br>Langt oppe i det skotske h\u00f8jland findes en gud som kun de f\u00e6rreste mennesker i denne verden kender til. Nemlig \u00d8LGUDEN: McBeer<br><br>Denne gud skal \u00e6res og tilbedes, da han er gud for alt det gode her i livet nemlig: \u00d8L<br><br>Alle spillere p\u00e5 STJERNEHOLDET skal sv\u00e6rge evigt troskab til McBeer &#8211; og love at leve efter f\u00f8lgende motto: &#8220;Hellere fuld og til grin end \u00e6dru med succes&#8221;<br><br><img loading=\"lazy\" decoding=\"async\" width=\"150\" height=\"407\" class=\"wp-image-171\" style=\"width: 150px;\" src=\"https:\/\/jimmysoelberg.dk\/wp-content\/uploads\/2023\/12\/Maskot-McBeer.jpg\" alt=\"\" srcset=\"https:\/\/jimmysoelberg.dk\/wp-content\/uploads\/2023\/12\/Maskot-McBeer.jpg 284w, https:\/\/jimmysoelberg.dk\/wp-content\/uploads\/2023\/12\/Maskot-McBeer-111x300.jpg 111w\" sizes=\"auto, (max-width: 150px) 100vw, 150px\" \/><\/p><cite>You&#8217;ll Never Drink Alone<\/cite><\/blockquote><\/figure>\n","protected":false},"excerpt":{"rendered":"<p>ONE TEAM &#8211; ONE DREAM &#8211; ONE GOAL\u00a0To win without risk is to triumph without glory!KUN DE &#8220;SOCIALE&#8221; ER GODE NOK !!!&#8220;People don&#8217;t quit playing because they grow old. They grow old because they quit playing.&#8221; Facts om Stjerneholdets MaskotLangt oppe i det skotske h\u00f8jland findes en gud som kun de f\u00e6rreste mennesker i denne [&hellip;]<\/p>\n","protected":false},"author":1,"featured_media":0,"parent":0,"menu_order":0,"comment_status":"closed","ping_status":"closed","template":"","meta":{"footnotes":""},"class_list":["post-100","page","type-page","status-publish","hentry"],"_links":{"self":[{"href":"https:\/\/jimmysoelberg.dk\/index.php\/wp-json\/wp\/v2\/pages\/100","targetHints":{"allow":["GET"]}}],"collection":[{"href":"https:\/\/jimmysoelberg.dk\/index.php\/wp-json\/wp\/v2\/pages"}],"about":[{"href":"https:\/\/jimmysoelberg.dk\/index.php\/wp-json\/wp\/v2\/types\/page"}],"author":[{"embeddable":true,"href":"https:\/\/jimmysoelberg.dk\/index.php\/wp-json\/wp\/v2\/users\/1"}],"replies":[{"embeddable":true,"href":"https:\/\/jimmysoelberg.dk\/index.php\/wp-json\/wp\/v2\/comments?post=100"}],"version-history":[{"count":5,"href":"https:\/\/jimmysoelberg.dk\/index.php\/wp-json\/wp\/v2\/pages\/100\/revisions"}],"predecessor-version":[{"id":268,"href":"https:\/\/jimmysoelberg.dk\/index.php\/wp-json\/wp\/v2\/pages\/100\/revisions\/268"}],"wp:attachment":[{"href":"https:\/\/jimmysoelberg.dk\/index.php\/wp-json\/wp\/v2\/media?parent=100"}],"curies":[{"name":"wp","href":"https:\/\/api.w.org\/{rel}","templated":true}]}}