{"id":74,"date":"2023-12-29T18:21:20","date_gmt":"2023-12-29T18:21:20","guid":{"rendered":"https:\/\/jimmysoelberg.dk\/?page_id=74"},"modified":"2026-04-19T20:32:33","modified_gmt":"2026-04-19T20:32:33","slug":"stjerneholdsdart","status":"publish","type":"page","link":"https:\/\/jimmysoelberg.dk\/index.php\/stjerneholdsdart\/","title":{"rendered":"Stjerneholdsdart"},"content":{"rendered":"\n<p>i 2022 oprettede vi en dart afdeling i FC77, hvor de gamle Stjerner kan f\u00e5 lov til at f\u00e5 r\u00f8rt sig lidt igen, n\u00e5r man er kommet til den tid i livet, hvor det at spille fodbold ikke giver s\u00e5 meget mening mere. S\u00e5 i skrivende stund 2026 &#8211; har vi haft fire underholdende s\u00e6soner med dart i FC77&#8217;s klubhus.<\/p>\n\n\n\n<figure class=\"wp-block-gallery has-nested-images columns-default is-cropped wp-block-gallery-1 is-layout-flex wp-block-gallery-is-layout-flex\">\n<figure class=\"wp-block-image size-large\"><img loading=\"lazy\" decoding=\"async\" width=\"1024\" height=\"768\" data-id=\"84\" src=\"https:\/\/jimmysoelberg.dk\/wp-content\/uploads\/2023\/12\/01-1-1024x768.jpg\" alt=\"\" class=\"wp-image-84\" srcset=\"https:\/\/jimmysoelberg.dk\/wp-content\/uploads\/2023\/12\/01-1-1024x768.jpg 1024w, https:\/\/jimmysoelberg.dk\/wp-content\/uploads\/2023\/12\/01-1-300x225.jpg 300w, https:\/\/jimmysoelberg.dk\/wp-content\/uploads\/2023\/12\/01-1-768x576.jpg 768w, https:\/\/jimmysoelberg.dk\/wp-content\/uploads\/2023\/12\/01-1-1536x1152.jpg 1536w, https:\/\/jimmysoelberg.dk\/wp-content\/uploads\/2023\/12\/01-1.jpg 2048w\" sizes=\"auto, (max-width: 1024px) 100vw, 1024px\" \/><\/figure>\n\n\n\n<figure class=\"wp-block-image size-large\"><img loading=\"lazy\" decoding=\"async\" width=\"1024\" height=\"768\" data-id=\"81\" src=\"https:\/\/jimmysoelberg.dk\/wp-content\/uploads\/2023\/12\/02-1-1024x768.jpg\" alt=\"\" class=\"wp-image-81\" srcset=\"https:\/\/jimmysoelberg.dk\/wp-content\/uploads\/2023\/12\/02-1-1024x768.jpg 1024w, https:\/\/jimmysoelberg.dk\/wp-content\/uploads\/2023\/12\/02-1-300x225.jpg 300w, https:\/\/jimmysoelberg.dk\/wp-content\/uploads\/2023\/12\/02-1-768x576.jpg 768w, https:\/\/jimmysoelberg.dk\/wp-content\/uploads\/2023\/12\/02-1-1536x1152.jpg 1536w, https:\/\/jimmysoelberg.dk\/wp-content\/uploads\/2023\/12\/02-1.jpg 2048w\" sizes=\"auto, (max-width: 1024px) 100vw, 1024px\" \/><\/figure>\n\n\n\n<figure class=\"wp-block-image size-large\"><img loading=\"lazy\" decoding=\"async\" width=\"1024\" height=\"768\" data-id=\"75\" src=\"https:\/\/jimmysoelberg.dk\/wp-content\/uploads\/2023\/12\/03-1-1024x768.jpg\" alt=\"\" class=\"wp-image-75\" srcset=\"https:\/\/jimmysoelberg.dk\/wp-content\/uploads\/2023\/12\/03-1-1024x768.jpg 1024w, https:\/\/jimmysoelberg.dk\/wp-content\/uploads\/2023\/12\/03-1-300x225.jpg 300w, https:\/\/jimmysoelberg.dk\/wp-content\/uploads\/2023\/12\/03-1-768x576.jpg 768w, https:\/\/jimmysoelberg.dk\/wp-content\/uploads\/2023\/12\/03-1-1536x1152.jpg 1536w, https:\/\/jimmysoelberg.dk\/wp-content\/uploads\/2023\/12\/03-1.jpg 2048w\" sizes=\"auto, (max-width: 1024px) 100vw, 1024px\" \/><\/figure>\n\n\n\n<figure class=\"wp-block-image size-large\"><img loading=\"lazy\" decoding=\"async\" width=\"768\" height=\"1024\" data-id=\"78\" src=\"https:\/\/jimmysoelberg.dk\/wp-content\/uploads\/2023\/12\/04-1-768x1024.jpg\" alt=\"\" class=\"wp-image-78\" srcset=\"https:\/\/jimmysoelberg.dk\/wp-content\/uploads\/2023\/12\/04-1-768x1024.jpg 768w, https:\/\/jimmysoelberg.dk\/wp-content\/uploads\/2023\/12\/04-1-225x300.jpg 225w, https:\/\/jimmysoelberg.dk\/wp-content\/uploads\/2023\/12\/04-1-1152x1536.jpg 1152w, https:\/\/jimmysoelberg.dk\/wp-content\/uploads\/2023\/12\/04-1.jpg 1536w\" sizes=\"auto, (max-width: 768px) 100vw, 768px\" \/><\/figure>\n\n\n\n<figure class=\"wp-block-image size-large\"><img loading=\"lazy\" decoding=\"async\" width=\"1024\" height=\"768\" data-id=\"76\" src=\"https:\/\/jimmysoelberg.dk\/wp-content\/uploads\/2023\/12\/05-1-1024x768.jpg\" alt=\"\" class=\"wp-image-76\" srcset=\"https:\/\/jimmysoelberg.dk\/wp-content\/uploads\/2023\/12\/05-1-1024x768.jpg 1024w, https:\/\/jimmysoelberg.dk\/wp-content\/uploads\/2023\/12\/05-1-300x225.jpg 300w, https:\/\/jimmysoelberg.dk\/wp-content\/uploads\/2023\/12\/05-1-768x576.jpg 768w, https:\/\/jimmysoelberg.dk\/wp-content\/uploads\/2023\/12\/05-1-1536x1152.jpg 1536w, https:\/\/jimmysoelberg.dk\/wp-content\/uploads\/2023\/12\/05-1.jpg 2048w\" sizes=\"auto, (max-width: 1024px) 100vw, 1024px\" \/><\/figure>\n\n\n\n<figure class=\"wp-block-image size-large\"><img loading=\"lazy\" decoding=\"async\" width=\"1024\" height=\"768\" data-id=\"85\" src=\"https:\/\/jimmysoelberg.dk\/wp-content\/uploads\/2023\/12\/06-1-1024x768.jpg\" alt=\"\" class=\"wp-image-85\" srcset=\"https:\/\/jimmysoelberg.dk\/wp-content\/uploads\/2023\/12\/06-1-1024x768.jpg 1024w, https:\/\/jimmysoelberg.dk\/wp-content\/uploads\/2023\/12\/06-1-300x225.jpg 300w, https:\/\/jimmysoelberg.dk\/wp-content\/uploads\/2023\/12\/06-1-768x576.jpg 768w, https:\/\/jimmysoelberg.dk\/wp-content\/uploads\/2023\/12\/06-1-1536x1152.jpg 1536w, https:\/\/jimmysoelberg.dk\/wp-content\/uploads\/2023\/12\/06-1.jpg 2048w\" sizes=\"auto, (max-width: 1024px) 100vw, 1024px\" \/><\/figure>\n\n\n\n<figure class=\"wp-block-image size-large\"><img loading=\"lazy\" decoding=\"async\" width=\"1024\" height=\"768\" data-id=\"79\" src=\"https:\/\/jimmysoelberg.dk\/wp-content\/uploads\/2023\/12\/07-1-1024x768.jpg\" alt=\"\" class=\"wp-image-79\" srcset=\"https:\/\/jimmysoelberg.dk\/wp-content\/uploads\/2023\/12\/07-1-1024x768.jpg 1024w, https:\/\/jimmysoelberg.dk\/wp-content\/uploads\/2023\/12\/07-1-300x225.jpg 300w, https:\/\/jimmysoelberg.dk\/wp-content\/uploads\/2023\/12\/07-1-768x576.jpg 768w, https:\/\/jimmysoelberg.dk\/wp-content\/uploads\/2023\/12\/07-1-1536x1152.jpg 1536w, https:\/\/jimmysoelberg.dk\/wp-content\/uploads\/2023\/12\/07-1.jpg 2048w\" sizes=\"auto, (max-width: 1024px) 100vw, 1024px\" \/><\/figure>\n\n\n\n<figure class=\"wp-block-image size-large\"><img loading=\"lazy\" decoding=\"async\" width=\"1024\" height=\"768\" data-id=\"86\" src=\"https:\/\/jimmysoelberg.dk\/wp-content\/uploads\/2023\/12\/08-1-1024x768.jpg\" alt=\"\" class=\"wp-image-86\" srcset=\"https:\/\/jimmysoelberg.dk\/wp-content\/uploads\/2023\/12\/08-1-1024x768.jpg 1024w, https:\/\/jimmysoelberg.dk\/wp-content\/uploads\/2023\/12\/08-1-300x225.jpg 300w, https:\/\/jimmysoelberg.dk\/wp-content\/uploads\/2023\/12\/08-1-768x576.jpg 768w, https:\/\/jimmysoelberg.dk\/wp-content\/uploads\/2023\/12\/08-1-1536x1152.jpg 1536w, https:\/\/jimmysoelberg.dk\/wp-content\/uploads\/2023\/12\/08-1.jpg 2048w\" sizes=\"auto, (max-width: 1024px) 100vw, 1024px\" \/><\/figure>\n\n\n\n<figure class=\"wp-block-image size-large\"><img loading=\"lazy\" decoding=\"async\" width=\"768\" height=\"1024\" data-id=\"83\" src=\"https:\/\/jimmysoelberg.dk\/wp-content\/uploads\/2023\/12\/09-1-768x1024.jpg\" alt=\"\" class=\"wp-image-83\" srcset=\"https:\/\/jimmysoelberg.dk\/wp-content\/uploads\/2023\/12\/09-1-768x1024.jpg 768w, https:\/\/jimmysoelberg.dk\/wp-content\/uploads\/2023\/12\/09-1-225x300.jpg 225w, https:\/\/jimmysoelberg.dk\/wp-content\/uploads\/2023\/12\/09-1-1152x1536.jpg 1152w, https:\/\/jimmysoelberg.dk\/wp-content\/uploads\/2023\/12\/09-1.jpg 1536w\" sizes=\"auto, (max-width: 768px) 100vw, 768px\" \/><\/figure>\n\n\n\n<figure class=\"wp-block-image size-large\"><img loading=\"lazy\" decoding=\"async\" width=\"768\" height=\"1024\" data-id=\"88\" src=\"https:\/\/jimmysoelberg.dk\/wp-content\/uploads\/2023\/12\/10-3-768x1024.jpg\" alt=\"\" class=\"wp-image-88\" srcset=\"https:\/\/jimmysoelberg.dk\/wp-content\/uploads\/2023\/12\/10-3-768x1024.jpg 768w, https:\/\/jimmysoelberg.dk\/wp-content\/uploads\/2023\/12\/10-3-225x300.jpg 225w, https:\/\/jimmysoelberg.dk\/wp-content\/uploads\/2023\/12\/10-3-1152x1536.jpg 1152w, https:\/\/jimmysoelberg.dk\/wp-content\/uploads\/2023\/12\/10-3.jpg 1536w\" sizes=\"auto, (max-width: 768px) 100vw, 768px\" \/><\/figure>\n\n\n\n<figure class=\"wp-block-image size-large\"><img loading=\"lazy\" decoding=\"async\" width=\"768\" height=\"1024\" data-id=\"80\" src=\"https:\/\/jimmysoelberg.dk\/wp-content\/uploads\/2023\/12\/11-1-768x1024.jpg\" alt=\"\" class=\"wp-image-80\" srcset=\"https:\/\/jimmysoelberg.dk\/wp-content\/uploads\/2023\/12\/11-1-768x1024.jpg 768w, https:\/\/jimmysoelberg.dk\/wp-content\/uploads\/2023\/12\/11-1-225x300.jpg 225w, https:\/\/jimmysoelberg.dk\/wp-content\/uploads\/2023\/12\/11-1-1152x1536.jpg 1152w, https:\/\/jimmysoelberg.dk\/wp-content\/uploads\/2023\/12\/11-1.jpg 1536w\" sizes=\"auto, (max-width: 768px) 100vw, 768px\" \/><\/figure>\n\n\n\n<figure class=\"wp-block-image size-large\"><img loading=\"lazy\" decoding=\"async\" width=\"768\" height=\"1024\" data-id=\"82\" src=\"https:\/\/jimmysoelberg.dk\/wp-content\/uploads\/2023\/12\/12-1-768x1024.jpg\" alt=\"\" class=\"wp-image-82\" srcset=\"https:\/\/jimmysoelberg.dk\/wp-content\/uploads\/2023\/12\/12-1-768x1024.jpg 768w, https:\/\/jimmysoelberg.dk\/wp-content\/uploads\/2023\/12\/12-1-225x300.jpg 225w, https:\/\/jimmysoelberg.dk\/wp-content\/uploads\/2023\/12\/12-1-1152x1536.jpg 1152w, https:\/\/jimmysoelberg.dk\/wp-content\/uploads\/2023\/12\/12-1.jpg 1536w\" sizes=\"auto, (max-width: 768px) 100vw, 768px\" \/><\/figure>\n\n\n\n<figure class=\"wp-block-image size-large\"><img loading=\"lazy\" decoding=\"async\" width=\"1024\" height=\"576\" data-id=\"89\" src=\"https:\/\/jimmysoelberg.dk\/wp-content\/uploads\/2023\/12\/13-1-1024x576.jpg\" alt=\"\" class=\"wp-image-89\" srcset=\"https:\/\/jimmysoelberg.dk\/wp-content\/uploads\/2023\/12\/13-1-1024x576.jpg 1024w, https:\/\/jimmysoelberg.dk\/wp-content\/uploads\/2023\/12\/13-1-300x169.jpg 300w, https:\/\/jimmysoelberg.dk\/wp-content\/uploads\/2023\/12\/13-1-768x432.jpg 768w, https:\/\/jimmysoelberg.dk\/wp-content\/uploads\/2023\/12\/13-1-1536x864.jpg 1536w, https:\/\/jimmysoelberg.dk\/wp-content\/uploads\/2023\/12\/13-1.jpg 1920w\" sizes=\"auto, (max-width: 1024px) 100vw, 1024px\" \/><\/figure>\n\n\n\n<figure class=\"wp-block-image size-large\"><img loading=\"lazy\" decoding=\"async\" width=\"1024\" height=\"768\" data-id=\"297\" src=\"https:\/\/jimmysoelberg.dk\/wp-content\/uploads\/2026\/04\/20260117_181638-1024x768.jpg\" alt=\"\" class=\"wp-image-297\" srcset=\"https:\/\/jimmysoelberg.dk\/wp-content\/uploads\/2026\/04\/20260117_181638-1024x768.jpg 1024w, https:\/\/jimmysoelberg.dk\/wp-content\/uploads\/2026\/04\/20260117_181638-300x225.jpg 300w, https:\/\/jimmysoelberg.dk\/wp-content\/uploads\/2026\/04\/20260117_181638-768x576.jpg 768w, https:\/\/jimmysoelberg.dk\/wp-content\/uploads\/2026\/04\/20260117_181638-1536x1152.jpg 1536w, https:\/\/jimmysoelberg.dk\/wp-content\/uploads\/2026\/04\/20260117_181638-2048x1536.jpg 2048w\" sizes=\"auto, (max-width: 1024px) 100vw, 1024px\" \/><\/figure>\n\n\n\n<figure class=\"wp-block-image size-large\"><img loading=\"lazy\" decoding=\"async\" width=\"1024\" height=\"768\" data-id=\"296\" src=\"https:\/\/jimmysoelberg.dk\/wp-content\/uploads\/2026\/04\/20260117_181646-1024x768.jpg\" alt=\"\" class=\"wp-image-296\" srcset=\"https:\/\/jimmysoelberg.dk\/wp-content\/uploads\/2026\/04\/20260117_181646-1024x768.jpg 1024w, https:\/\/jimmysoelberg.dk\/wp-content\/uploads\/2026\/04\/20260117_181646-300x225.jpg 300w, https:\/\/jimmysoelberg.dk\/wp-content\/uploads\/2026\/04\/20260117_181646-768x576.jpg 768w, https:\/\/jimmysoelberg.dk\/wp-content\/uploads\/2026\/04\/20260117_181646-1536x1152.jpg 1536w, https:\/\/jimmysoelberg.dk\/wp-content\/uploads\/2026\/04\/20260117_181646-2048x1536.jpg 2048w\" sizes=\"auto, (max-width: 1024px) 100vw, 1024px\" \/><\/figure>\n\n\n\n<figure class=\"wp-block-image size-large\"><img loading=\"lazy\" decoding=\"async\" width=\"768\" height=\"1024\" data-id=\"295\" src=\"https:\/\/jimmysoelberg.dk\/wp-content\/uploads\/2026\/04\/20260117_184835-768x1024.jpg\" alt=\"\" class=\"wp-image-295\" srcset=\"https:\/\/jimmysoelberg.dk\/wp-content\/uploads\/2026\/04\/20260117_184835-768x1024.jpg 768w, https:\/\/jimmysoelberg.dk\/wp-content\/uploads\/2026\/04\/20260117_184835-225x300.jpg 225w, https:\/\/jimmysoelberg.dk\/wp-content\/uploads\/2026\/04\/20260117_184835-1152x1536.jpg 1152w, https:\/\/jimmysoelberg.dk\/wp-content\/uploads\/2026\/04\/20260117_184835-1536x2048.jpg 1536w, https:\/\/jimmysoelberg.dk\/wp-content\/uploads\/2026\/04\/20260117_184835-scaled.jpg 1920w\" sizes=\"auto, (max-width: 768px) 100vw, 768px\" \/><\/figure>\n\n\n\n<figure class=\"wp-block-image size-large\"><img loading=\"lazy\" decoding=\"async\" width=\"1024\" height=\"768\" data-id=\"298\" src=\"https:\/\/jimmysoelberg.dk\/wp-content\/uploads\/2026\/04\/20260117_191435-1024x768.jpg\" alt=\"\" class=\"wp-image-298\" srcset=\"https:\/\/jimmysoelberg.dk\/wp-content\/uploads\/2026\/04\/20260117_191435-1024x768.jpg 1024w, https:\/\/jimmysoelberg.dk\/wp-content\/uploads\/2026\/04\/20260117_191435-300x225.jpg 300w, https:\/\/jimmysoelberg.dk\/wp-content\/uploads\/2026\/04\/20260117_191435-768x576.jpg 768w, https:\/\/jimmysoelberg.dk\/wp-content\/uploads\/2026\/04\/20260117_191435-1536x1152.jpg 1536w, https:\/\/jimmysoelberg.dk\/wp-content\/uploads\/2026\/04\/20260117_191435-2048x1536.jpg 2048w\" sizes=\"auto, (max-width: 1024px) 100vw, 1024px\" \/><\/figure>\n\n\n\n<figure class=\"wp-block-image size-large\"><img loading=\"lazy\" decoding=\"async\" width=\"1024\" height=\"768\" data-id=\"299\" src=\"https:\/\/jimmysoelberg.dk\/wp-content\/uploads\/2026\/04\/20260117_210750-1024x768.jpg\" alt=\"\" class=\"wp-image-299\" srcset=\"https:\/\/jimmysoelberg.dk\/wp-content\/uploads\/2026\/04\/20260117_210750-1024x768.jpg 1024w, https:\/\/jimmysoelberg.dk\/wp-content\/uploads\/2026\/04\/20260117_210750-300x225.jpg 300w, https:\/\/jimmysoelberg.dk\/wp-content\/uploads\/2026\/04\/20260117_210750-768x576.jpg 768w, https:\/\/jimmysoelberg.dk\/wp-content\/uploads\/2026\/04\/20260117_210750-1536x1152.jpg 1536w, https:\/\/jimmysoelberg.dk\/wp-content\/uploads\/2026\/04\/20260117_210750-2048x1536.jpg 2048w\" sizes=\"auto, (max-width: 1024px) 100vw, 1024px\" \/><\/figure>\n\n\n\n<figure class=\"wp-block-image size-large\"><img loading=\"lazy\" decoding=\"async\" width=\"1024\" height=\"768\" data-id=\"300\" src=\"https:\/\/jimmysoelberg.dk\/wp-content\/uploads\/2026\/04\/20260117_210754-1024x768.jpg\" alt=\"\" class=\"wp-image-300\" srcset=\"https:\/\/jimmysoelberg.dk\/wp-content\/uploads\/2026\/04\/20260117_210754-1024x768.jpg 1024w, https:\/\/jimmysoelberg.dk\/wp-content\/uploads\/2026\/04\/20260117_210754-300x225.jpg 300w, https:\/\/jimmysoelberg.dk\/wp-content\/uploads\/2026\/04\/20260117_210754-768x576.jpg 768w, https:\/\/jimmysoelberg.dk\/wp-content\/uploads\/2026\/04\/20260117_210754-1536x1152.jpg 1536w, https:\/\/jimmysoelberg.dk\/wp-content\/uploads\/2026\/04\/20260117_210754-2048x1536.jpg 2048w\" sizes=\"auto, (max-width: 1024px) 100vw, 1024px\" \/><\/figure>\n<\/figure>\n","protected":false},"excerpt":{"rendered":"<p>i 2022 oprettede vi en dart afdeling i FC77, hvor de gamle Stjerner kan f\u00e5 lov til at f\u00e5 r\u00f8rt sig lidt igen, n\u00e5r man er kommet til den tid i livet, hvor det at spille fodbold ikke giver s\u00e5 meget mening mere. S\u00e5 i skrivende stund 2026 &#8211; har vi haft fire underholdende s\u00e6soner [&hellip;]<\/p>\n","protected":false},"author":1,"featured_media":0,"parent":0,"menu_order":0,"comment_status":"closed","ping_status":"closed","template":"","meta":{"footnotes":""},"class_list":["post-74","page","type-page","status-publish","hentry"],"_links":{"self":[{"href":"https:\/\/jimmysoelberg.dk\/index.php\/wp-json\/wp\/v2\/pages\/74","targetHints":{"allow":["GET"]}}],"collection":[{"href":"https:\/\/jimmysoelberg.dk\/index.php\/wp-json\/wp\/v2\/pages"}],"about":[{"href":"https:\/\/jimmysoelberg.dk\/index.php\/wp-json\/wp\/v2\/types\/page"}],"author":[{"embeddable":true,"href":"https:\/\/jimmysoelberg.dk\/index.php\/wp-json\/wp\/v2\/users\/1"}],"replies":[{"embeddable":true,"href":"https:\/\/jimmysoelberg.dk\/index.php\/wp-json\/wp\/v2\/comments?post=74"}],"version-history":[{"count":4,"href":"https:\/\/jimmysoelberg.dk\/index.php\/wp-json\/wp\/v2\/pages\/74\/revisions"}],"predecessor-version":[{"id":301,"href":"https:\/\/jimmysoelberg.dk\/index.php\/wp-json\/wp\/v2\/pages\/74\/revisions\/301"}],"wp:attachment":[{"href":"https:\/\/jimmysoelberg.dk\/index.php\/wp-json\/wp\/v2\/media?parent=74"}],"curies":[{"name":"wp","href":"https:\/\/api.w.org\/{rel}","templated":true}]}}